{"id":1789,"date":"2021-04-25T17:27:06","date_gmt":"2021-04-25T20:27:06","guid":{"rendered":"http:\/\/corporalkinesis.com.ar\/?post_type=product&#038;p=1789"},"modified":"2021-09-12T19:56:44","modified_gmt":"2021-09-12T22:56:44","slug":"optimiza-tus-entrenamientos-entrenamientos-grupales","status":"publish","type":"product","link":"https:\/\/corporalkinesis.com.ar\/index.php\/producto\/optimiza-tus-entrenamientos-entrenamientos-grupales\/","title":{"rendered":"Optimiza tus entrenamientos (Entrenamientos para grupos reducidos)"},"content":{"rendered":"<p>Optimiza tus entrenamientos (Entrenamientos para grupos reducidos)<\/p>\n<p>Con este Software o planilla de control de cargas sin dudas vas a poder organizar, distribuir y dosificar mejor el entrenamiento de tus entrenados o clientes&#8230;<\/p>\n<p>Para entender mejor de lo que hablamos, te invito a que veas este video-tutorial en donde sin dudas vas a poder entender las serias ventajas de este programa.<\/p>\n<div class=\"ast-oembed-container \" style=\"height: 100%;\"><iframe title=\"Tutorial Optimiza tus entrenamentos\" width=\"500\" height=\"281\" src=\"https:\/\/www.youtube.com\/embed\/PfLkCehgg1o?start=115&#038;feature=oembed\" frameborder=\"0\" allow=\"accelerometer; autoplay; clipboard-write; encrypted-media; gyroscope; picture-in-picture; web-share\" referrerpolicy=\"strict-origin-when-cross-origin\" allowfullscreen><\/iframe><\/div>\n<p>&nbsp;<\/p>\n<p><iframe style=\"display: none;\" src=\"about:blank\"><\/iframe><\/p>\n","protected":false},"excerpt":{"rendered":"<p>En esta oportunidad, se trata de un soft o plantilla de calculo para optimizar las cargas del entrenamiento en grupos reducidos. Muchas veces resulta muy dif\u00edcil evaluar a varios entrenados a la vez, con esta planilla, se podr\u00e1 facilitar much\u00edsimo esta tarea.<iframe style=\"display: none;\" src=\"about:blank\"><\/iframe><\/p>\n","protected":false},"featured_media":2110,"comment_status":"open","ping_status":"closed","template":"","meta":{"site-sidebar-layout":"default","site-content-layout":"default","ast-site-content-layout":"default","site-content-style":"default","site-sidebar-style":"default","ast-global-header-display":"","ast-banner-title-visibility":"","ast-main-header-display":"","ast-hfb-above-header-display":"","ast-hfb-below-header-display":"","ast-hfb-mobile-header-display":"","site-post-title":"","ast-breadcrumbs-content":"","ast-featured-img":"","footer-sml-layout":"","theme-transparent-header-meta":"default","adv-header-id-meta":"","stick-header-meta":"","header-above-stick-meta":"","header-main-stick-meta":"","header-below-stick-meta":"","astra-migrate-meta-layouts":"default","ast-page-background-enabled":"default","ast-page-background-meta":{"desktop":{"background-color":"var(--ast-global-color-4)","background-image":"","background-repeat":"repeat","background-position":"center center","background-size":"auto","background-attachment":"scroll","background-type":"","background-media":"","overlay-type":"","overlay-color":"","overlay-opacity":"","overlay-gradient":""},"tablet":{"background-color":"","background-image":"","background-repeat":"repeat","background-position":"center center","background-size":"auto","background-attachment":"scroll","background-type":"","background-media":"","overlay-type":"","overlay-color":"","overlay-opacity":"","overlay-gradient":""},"mobile":{"background-color":"","background-image":"","background-repeat":"repeat","background-position":"center center","background-size":"auto","background-attachment":"scroll","background-type":"","background-media":"","overlay-type":"","overlay-color":"","overlay-opacity":"","overlay-gradient":""}},"ast-content-background-meta":{"desktop":{"background-color":"var(--ast-global-color-5)","background-image":"","background-repeat":"repeat","background-position":"center center","background-size":"auto","background-attachment":"scroll","background-type":"","background-media":"","overlay-type":"","overlay-color":"","overlay-opacity":"","overlay-gradient":""},"tablet":{"background-color":"var(--ast-global-color-5)","background-image":"","background-repeat":"repeat","background-position":"center center","background-size":"auto","background-attachment":"scroll","background-type":"","background-media":"","overlay-type":"","overlay-color":"","overlay-opacity":"","overlay-gradient":""},"mobile":{"background-color":"var(--ast-global-color-5)","background-image":"","background-repeat":"repeat","background-position":"center center","background-size":"auto","background-attachment":"scroll","background-type":"","background-media":"","overlay-type":"","overlay-color":"","overlay-opacity":"","overlay-gradient":""}}},"product_brand":[],"product_cat":[62],"product_tag":[84,83],"class_list":{"0":"post-1789","1":"product","2":"type-product","3":"status-publish","4":"has-post-thumbnail","6":"product_cat-planillas-de-entrenamiento","7":"product_tag-entrenamiento","8":"product_tag-planilla","9":"desktop-align-left","10":"tablet-align-left","11":"mobile-align-left","13":"first","14":"instock","15":"sale","16":"downloadable","17":"shipping-taxable","18":"purchasable","19":"product-type-simple"},"_links":{"self":[{"href":"https:\/\/corporalkinesis.com.ar\/index.php\/wp-json\/wp\/v2\/product\/1789","targetHints":{"allow":["GET"]}}],"collection":[{"href":"https:\/\/corporalkinesis.com.ar\/index.php\/wp-json\/wp\/v2\/product"}],"about":[{"href":"https:\/\/corporalkinesis.com.ar\/index.php\/wp-json\/wp\/v2\/types\/product"}],"replies":[{"embeddable":true,"href":"https:\/\/corporalkinesis.com.ar\/index.php\/wp-json\/wp\/v2\/comments?post=1789"}],"wp:featuredmedia":[{"embeddable":true,"href":"https:\/\/corporalkinesis.com.ar\/index.php\/wp-json\/wp\/v2\/media\/2110"}],"wp:attachment":[{"href":"https:\/\/corporalkinesis.com.ar\/index.php\/wp-json\/wp\/v2\/media?parent=1789"}],"wp:term":[{"taxonomy":"product_brand","embeddable":true,"href":"https:\/\/corporalkinesis.com.ar\/index.php\/wp-json\/wp\/v2\/product_brand?post=1789"},{"taxonomy":"product_cat","embeddable":true,"href":"https:\/\/corporalkinesis.com.ar\/index.php\/wp-json\/wp\/v2\/product_cat?post=1789"},{"taxonomy":"product_tag","embeddable":true,"href":"https:\/\/corporalkinesis.com.ar\/index.php\/wp-json\/wp\/v2\/product_tag?post=1789"}],"curies":[{"name":"wp","href":"https:\/\/api.w.org\/{rel}","templated":true}]}}