{"id":2362,"date":"2022-02-28T18:53:30","date_gmt":"2022-02-28T21:53:30","guid":{"rendered":"http:\/\/corporalkinesis.com.ar\/?post_type=product&#038;p=2362"},"modified":"2024-04-26T17:42:35","modified_gmt":"2024-04-26T20:42:35","slug":"maestros-del-progreso-3-0-ultima-version","status":"publish","type":"product","link":"https:\/\/corporalkinesis.com.ar\/index.php\/producto\/maestros-del-progreso-3-0-ultima-version\/","title":{"rendered":"Maestros del progreso 3.1 (\u00daLTIMA VERSI\u00d3N)"},"content":{"rendered":"<p><strong>Softwares o planillas de control de cargas. Maestros del Progreso 3.0. Finalmente llego la mejor plantilla para graficar y evaluar tus entrenamientos.<\/strong><\/p>\n<p>&nbsp;<\/p>\n<p><img decoding=\"async\" class=\"alignnone size-medium wp-image-2371\" src=\"http:\/\/corporalkinesis.com.ar\/wp-content\/uploads\/2022\/02\/microciclo-300x114.png\" alt=\"\" width=\"300\" height=\"114\" srcset=\"https:\/\/corporalkinesis.com.ar\/wp-content\/uploads\/2022\/02\/microciclo-300x114.png 300w, https:\/\/corporalkinesis.com.ar\/wp-content\/uploads\/2022\/02\/microciclo-1024x390.png 1024w, https:\/\/corporalkinesis.com.ar\/wp-content\/uploads\/2022\/02\/microciclo-768x292.png 768w, https:\/\/corporalkinesis.com.ar\/wp-content\/uploads\/2022\/02\/microciclo-600x228.png 600w, https:\/\/corporalkinesis.com.ar\/wp-content\/uploads\/2022\/02\/microciclo.png 1122w\" sizes=\"(max-width: 300px) 100vw, 300px\" \/><\/p>\n<p>Tendr\u00e1s 15 microciclos en donde podr\u00e1s anotar tus cargas de forma simple y recibir\u00e1s mucha informaci\u00f3n para analizar tu entrenamiento. Solo tendras que ingresar tus repeticiones, series, kilajes, repeticiones en reserva y junto a tus datos personales obtendras un sinfin de respuestas graficas para mejorar y evaluar cada aspecto de tu entrenamiento.<\/p>\n<p><img decoding=\"async\" class=\"alignnone size-medium wp-image-2367\" src=\"http:\/\/corporalkinesis.com.ar\/wp-content\/uploads\/2022\/02\/datos-1-300x81.png\" alt=\"\" width=\"300\" height=\"81\" srcset=\"https:\/\/corporalkinesis.com.ar\/wp-content\/uploads\/2022\/02\/datos-1-300x81.png 300w, https:\/\/corporalkinesis.com.ar\/wp-content\/uploads\/2022\/02\/datos-1-1024x277.png 1024w, https:\/\/corporalkinesis.com.ar\/wp-content\/uploads\/2022\/02\/datos-1-768x208.png 768w, https:\/\/corporalkinesis.com.ar\/wp-content\/uploads\/2022\/02\/datos-1-600x162.png 600w, https:\/\/corporalkinesis.com.ar\/wp-content\/uploads\/2022\/02\/datos-1.png 1208w\" sizes=\"(max-width: 300px) 100vw, 300px\" \/> <img fetchpriority=\"high\" decoding=\"async\" class=\"alignnone size-medium wp-image-2368\" src=\"http:\/\/corporalkinesis.com.ar\/wp-content\/uploads\/2022\/02\/datos-2-300x214.png\" alt=\"\" width=\"300\" height=\"214\" srcset=\"https:\/\/corporalkinesis.com.ar\/wp-content\/uploads\/2022\/02\/datos-2-300x214.png 300w, https:\/\/corporalkinesis.com.ar\/wp-content\/uploads\/2022\/02\/datos-2-600x428.png 600w, https:\/\/corporalkinesis.com.ar\/wp-content\/uploads\/2022\/02\/datos-2.png 723w\" sizes=\"(max-width: 300px) 100vw, 300px\" \/><\/p>\n<p>Tambi\u00e9n tendr\u00e1s pesta\u00f1as especiales para ingresar todos tus datos en el entrenamiento, evaluaciones antropometricas y funcionales para contextualizar al maximo cada entrenamiento sea presencial o a distancia.<\/p>\n<p><img loading=\"lazy\" decoding=\"async\" class=\"alignnone size-medium wp-image-2365\" src=\"http:\/\/corporalkinesis.com.ar\/wp-content\/uploads\/2022\/02\/composicion-1-300x128.png\" alt=\"\" width=\"300\" height=\"128\" srcset=\"https:\/\/corporalkinesis.com.ar\/wp-content\/uploads\/2022\/02\/composicion-1-300x128.png 300w, https:\/\/corporalkinesis.com.ar\/wp-content\/uploads\/2022\/02\/composicion-1-1024x437.png 1024w, https:\/\/corporalkinesis.com.ar\/wp-content\/uploads\/2022\/02\/composicion-1-768x328.png 768w, https:\/\/corporalkinesis.com.ar\/wp-content\/uploads\/2022\/02\/composicion-1-600x256.png 600w, https:\/\/corporalkinesis.com.ar\/wp-content\/uploads\/2022\/02\/composicion-1.png 1195w\" sizes=\"(max-width: 300px) 100vw, 300px\" \/> <img loading=\"lazy\" decoding=\"async\" class=\"alignnone size-medium wp-image-2366\" src=\"http:\/\/corporalkinesis.com.ar\/wp-content\/uploads\/2022\/02\/composicion-2-300x145.png\" alt=\"\" width=\"300\" height=\"145\" srcset=\"https:\/\/corporalkinesis.com.ar\/wp-content\/uploads\/2022\/02\/composicion-2-300x145.png 300w, https:\/\/corporalkinesis.com.ar\/wp-content\/uploads\/2022\/02\/composicion-2-1024x496.png 1024w, https:\/\/corporalkinesis.com.ar\/wp-content\/uploads\/2022\/02\/composicion-2-768x372.png 768w, https:\/\/corporalkinesis.com.ar\/wp-content\/uploads\/2022\/02\/composicion-2-600x291.png 600w, https:\/\/corporalkinesis.com.ar\/wp-content\/uploads\/2022\/02\/composicion-2.png 1063w\" sizes=\"(max-width: 300px) 100vw, 300px\" \/> <img loading=\"lazy\" decoding=\"async\" class=\"alignnone size-medium wp-image-2374\" src=\"http:\/\/corporalkinesis.com.ar\/wp-content\/uploads\/2022\/02\/series-166x300.png\" alt=\"\" width=\"166\" height=\"300\" srcset=\"https:\/\/corporalkinesis.com.ar\/wp-content\/uploads\/2022\/02\/series-166x300.png 166w, https:\/\/corporalkinesis.com.ar\/wp-content\/uploads\/2022\/02\/series.png 269w\" sizes=\"(max-width: 166px) 100vw, 166px\" \/> <img loading=\"lazy\" decoding=\"async\" class=\"alignnone size-medium wp-image-2373\" src=\"http:\/\/corporalkinesis.com.ar\/wp-content\/uploads\/2022\/02\/resumen-300x148.png\" alt=\"\" width=\"300\" height=\"148\" srcset=\"https:\/\/corporalkinesis.com.ar\/wp-content\/uploads\/2022\/02\/resumen-300x148.png 300w, https:\/\/corporalkinesis.com.ar\/wp-content\/uploads\/2022\/02\/resumen-600x296.png 600w, https:\/\/corporalkinesis.com.ar\/wp-content\/uploads\/2022\/02\/resumen.png 655w\" sizes=\"(max-width: 300px) 100vw, 300px\" \/><\/p>\n<p>Adem\u00e1s muchisimos datos m\u00e1s evaluados y anaizados desde esta plantilla pensada para entrenadores y coach, analisis de series, kilajes, tonelajes, indices y composici\u00f3n corporal.<\/p>\n<p>Tambien tendras una plantilla de impresi\u00f3n para darles a tus entrenados cuando terminen su planificaci\u00f3n y deseen ver sus progresos de forma grafica en el papel.<\/p>\n<p><img loading=\"lazy\" decoding=\"async\" class=\"alignnone size-medium wp-image-2370\" src=\"http:\/\/corporalkinesis.com.ar\/wp-content\/uploads\/2022\/02\/ficha-de-impresion-200x300.png\" alt=\"\" width=\"200\" height=\"300\" srcset=\"https:\/\/corporalkinesis.com.ar\/wp-content\/uploads\/2022\/02\/ficha-de-impresion-200x300.png 200w, https:\/\/corporalkinesis.com.ar\/wp-content\/uploads\/2022\/02\/ficha-de-impresion.png 329w\" sizes=\"(max-width: 200px) 100vw, 200px\" \/><\/p>\n<p>Y si te quedan dudas tambien hay un menu de ayuda para que entiendas de forma simplificada todas las variables que necesitas para optimizar al maximo esta plantilla de entrenamiento.<\/p>\n<p><img loading=\"lazy\" decoding=\"async\" class=\"alignnone size-medium wp-image-2364\" src=\"http:\/\/corporalkinesis.com.ar\/wp-content\/uploads\/2022\/02\/ayuda-300x137.png\" alt=\"\" width=\"300\" height=\"137\" srcset=\"https:\/\/corporalkinesis.com.ar\/wp-content\/uploads\/2022\/02\/ayuda-300x137.png 300w, https:\/\/corporalkinesis.com.ar\/wp-content\/uploads\/2022\/02\/ayuda-1024x468.png 1024w, https:\/\/corporalkinesis.com.ar\/wp-content\/uploads\/2022\/02\/ayuda-768x351.png 768w, https:\/\/corporalkinesis.com.ar\/wp-content\/uploads\/2022\/02\/ayuda-600x274.png 600w, https:\/\/corporalkinesis.com.ar\/wp-content\/uploads\/2022\/02\/ayuda.png 1091w\" sizes=\"(max-width: 300px) 100vw, 300px\" \/><\/p>\n<p>&nbsp;<\/p>\n<p><span style=\"font-size: 16px;\">\u00a0Al precio de un tostado y dos cafes. Una forma distinta de ver y evaluar tus entrenamientos. salud!!<\/span><\/p>\n<p>&nbsp;<\/p>\n<p>&#8220;El esfuerzo no se negocia&#8230;&#8221;<\/p>\n<p>&nbsp;<\/p>\n<p><iframe style=\"display: none;\" src=\"about:blank\"><\/iframe><\/p>\n","protected":false},"excerpt":{"rendered":"<p>Con este diario de entrenamiento vas a poder evaluar y analizar todos las variables para progresar de forma simple y clara. Sin dudas es lo que te falta para poder mejorar o plantear sobrecargas efectivas en tus entrenamientos de fuerza. Sin dudas no vas a encontrar programas tan enfocados a planificar tu entrenamiento de fuerza en el gimnasio como este, te prometo que te va a facilitar tu entrenamiento. Para obtener algo de info extra pasa por este video y entiende como ordenar mejor tus ejercicios.<\/p>\n<p>Maestros del progreso utilizado para seleccionar y ordenar los ejercicios en el entrenamiento.<\/p>\n<p>&nbsp;<\/p>\n<p>https:\/\/www.youtube.com\/watch?v=7McjQlSQzww&amp;t=4s<\/p>\n<p><iframe style=\"display: none;\" src=\"about:blank\"><\/iframe><\/p>\n","protected":false},"featured_media":2372,"comment_status":"open","ping_status":"closed","template":"","meta":{"site-sidebar-layout":"default","site-content-layout":"default","ast-site-content-layout":"default","site-content-style":"default","site-sidebar-style":"default","ast-global-header-display":"","ast-banner-title-visibility":"","ast-main-header-display":"","ast-hfb-above-header-display":"","ast-hfb-below-header-display":"","ast-hfb-mobile-header-display":"","site-post-title":"","ast-breadcrumbs-content":"","ast-featured-img":"","footer-sml-layout":"","theme-transparent-header-meta":"default","adv-header-id-meta":"","stick-header-meta":"","header-above-stick-meta":"","header-main-stick-meta":"","header-below-stick-meta":"","astra-migrate-meta-layouts":"default","ast-page-background-enabled":"default","ast-page-background-meta":{"desktop":{"background-color":"var(--ast-global-color-4)","background-image":"","background-repeat":"repeat","background-position":"center center","background-size":"auto","background-attachment":"scroll","background-type":"","background-media":"","overlay-type":"","overlay-color":"","overlay-opacity":"","overlay-gradient":""},"tablet":{"background-color":"","background-image":"","background-repeat":"repeat","background-position":"center center","background-size":"auto","background-attachment":"scroll","background-type":"","background-media":"","overlay-type":"","overlay-color":"","overlay-opacity":"","overlay-gradient":""},"mobile":{"background-color":"","background-image":"","background-repeat":"repeat","background-position":"center center","background-size":"auto","background-attachment":"scroll","background-type":"","background-media":"","overlay-type":"","overlay-color":"","overlay-opacity":"","overlay-gradient":""}},"ast-content-background-meta":{"desktop":{"background-color":"var(--ast-global-color-5)","background-image":"","background-repeat":"repeat","background-position":"center center","background-size":"auto","background-attachment":"scroll","background-type":"","background-media":"","overlay-type":"","overlay-color":"","overlay-opacity":"","overlay-gradient":""},"tablet":{"background-color":"var(--ast-global-color-5)","background-image":"","background-repeat":"repeat","background-position":"center center","background-size":"auto","background-attachment":"scroll","background-type":"","background-media":"","overlay-type":"","overlay-color":"","overlay-opacity":"","overlay-gradient":""},"mobile":{"background-color":"var(--ast-global-color-5)","background-image":"","background-repeat":"repeat","background-position":"center center","background-size":"auto","background-attachment":"scroll","background-type":"","background-media":"","overlay-type":"","overlay-color":"","overlay-opacity":"","overlay-gradient":""}}},"product_brand":[],"product_cat":[62],"product_tag":[84,75,124],"class_list":{"0":"post-2362","1":"product","2":"type-product","3":"status-publish","4":"has-post-thumbnail","6":"product_cat-planillas-de-entrenamiento","7":"product_tag-entrenamiento","8":"product_tag-fuerza","9":"product_tag-programacion","10":"desktop-align-left","11":"tablet-align-left","12":"mobile-align-left","14":"first","15":"instock","16":"featured","17":"downloadable","18":"shipping-taxable","19":"purchasable","20":"product-type-simple"},"_links":{"self":[{"href":"https:\/\/corporalkinesis.com.ar\/index.php\/wp-json\/wp\/v2\/product\/2362","targetHints":{"allow":["GET"]}}],"collection":[{"href":"https:\/\/corporalkinesis.com.ar\/index.php\/wp-json\/wp\/v2\/product"}],"about":[{"href":"https:\/\/corporalkinesis.com.ar\/index.php\/wp-json\/wp\/v2\/types\/product"}],"replies":[{"embeddable":true,"href":"https:\/\/corporalkinesis.com.ar\/index.php\/wp-json\/wp\/v2\/comments?post=2362"}],"wp:featuredmedia":[{"embeddable":true,"href":"https:\/\/corporalkinesis.com.ar\/index.php\/wp-json\/wp\/v2\/media\/2372"}],"wp:attachment":[{"href":"https:\/\/corporalkinesis.com.ar\/index.php\/wp-json\/wp\/v2\/media?parent=2362"}],"wp:term":[{"taxonomy":"product_brand","embeddable":true,"href":"https:\/\/corporalkinesis.com.ar\/index.php\/wp-json\/wp\/v2\/product_brand?post=2362"},{"taxonomy":"product_cat","embeddable":true,"href":"https:\/\/corporalkinesis.com.ar\/index.php\/wp-json\/wp\/v2\/product_cat?post=2362"},{"taxonomy":"product_tag","embeddable":true,"href":"https:\/\/corporalkinesis.com.ar\/index.php\/wp-json\/wp\/v2\/product_tag?post=2362"}],"curies":[{"name":"wp","href":"https:\/\/api.w.org\/{rel}","templated":true}]}}