{"id":2677,"date":"2022-06-28T10:49:02","date_gmt":"2022-06-28T13:49:02","guid":{"rendered":"https:\/\/corporalkinesis.com.ar\/?post_type=product&#038;p=2677"},"modified":"2025-11-03T15:54:19","modified_gmt":"2025-11-03T18:54:19","slug":"webinar-sobre-test-y-evaluacion-en-el-entrenamiento","status":"publish","type":"product","link":"https:\/\/corporalkinesis.com.ar\/index.php\/producto\/webinar-sobre-test-y-evaluacion-en-el-entrenamiento\/","title":{"rendered":"WEBINAR SOBRE TEST Y EVALUACI\u00d3N EN EL ENTRENAMIENTO"},"content":{"rendered":"<p>Con este curso aprenderas una gran variedad de formas de evaluar y testear a tus entrenados en el gimnasio.<\/p>\n<p><span style=\"font-size: 16px; font-style: normal; font-weight: 400;\">Para mayot aprendizaje obtendras nuestra poantilla Sigurd 1.0 gratuira y una plantilla de analsis postural.<\/span><\/p>\n<p><span style=\"font-size: 16px; font-style: normal; font-weight: 400;\">Con esta plantilla faciliatras el acceso de datos y entenderas mucho mejor una gran selecci\u00f3n de evaluaciones orientadas a la calidad de movimiento.<\/span><\/p>\n<p><img decoding=\"async\" class=\"alignnone size-medium wp-image-2642\" src=\"http:\/\/corporalkinesis.com.ar\/wp-content\/uploads\/2022\/06\/sigurd-evaluaciones-300x110.jpg\" alt=\"\" width=\"300\" height=\"110\" srcset=\"https:\/\/corporalkinesis.com.ar\/wp-content\/uploads\/2022\/06\/sigurd-evaluaciones-300x110.jpg 300w, https:\/\/corporalkinesis.com.ar\/wp-content\/uploads\/2022\/06\/sigurd-evaluaciones-1024x377.jpg 1024w, https:\/\/corporalkinesis.com.ar\/wp-content\/uploads\/2022\/06\/sigurd-evaluaciones-768x283.jpg 768w, https:\/\/corporalkinesis.com.ar\/wp-content\/uploads\/2022\/06\/sigurd-evaluaciones-600x221.jpg 600w, https:\/\/corporalkinesis.com.ar\/wp-content\/uploads\/2022\/06\/sigurd-evaluaciones.jpg 1301w\" sizes=\"(max-width: 300px) 100vw, 300px\" \/><img decoding=\"async\" class=\"alignnone size-medium wp-image-2644\" src=\"http:\/\/corporalkinesis.com.ar\/wp-content\/uploads\/2022\/06\/sigurd-graficos-300x110.jpg\" alt=\"\" width=\"300\" height=\"110\" srcset=\"https:\/\/corporalkinesis.com.ar\/wp-content\/uploads\/2022\/06\/sigurd-graficos-300x110.jpg 300w, https:\/\/corporalkinesis.com.ar\/wp-content\/uploads\/2022\/06\/sigurd-graficos-1024x375.jpg 1024w, https:\/\/corporalkinesis.com.ar\/wp-content\/uploads\/2022\/06\/sigurd-graficos-768x281.jpg 768w, https:\/\/corporalkinesis.com.ar\/wp-content\/uploads\/2022\/06\/sigurd-graficos-600x220.jpg 600w, https:\/\/corporalkinesis.com.ar\/wp-content\/uploads\/2022\/06\/sigurd-graficos.jpg 1305w\" sizes=\"(max-width: 300px) 100vw, 300px\" \/><\/p>\n<p><img decoding=\"async\" class=\"alignnone size-medium wp-image-2646\" src=\"http:\/\/corporalkinesis.com.ar\/wp-content\/uploads\/2022\/06\/sigurd-movilidad-300x89.jpg\" alt=\"\" width=\"300\" height=\"89\" srcset=\"https:\/\/corporalkinesis.com.ar\/wp-content\/uploads\/2022\/06\/sigurd-movilidad-300x89.jpg 300w, https:\/\/corporalkinesis.com.ar\/wp-content\/uploads\/2022\/06\/sigurd-movilidad-1024x303.jpg 1024w, https:\/\/corporalkinesis.com.ar\/wp-content\/uploads\/2022\/06\/sigurd-movilidad-768x227.jpg 768w, https:\/\/corporalkinesis.com.ar\/wp-content\/uploads\/2022\/06\/sigurd-movilidad-600x178.jpg 600w, https:\/\/corporalkinesis.com.ar\/wp-content\/uploads\/2022\/06\/sigurd-movilidad.jpg 1304w\" sizes=\"(max-width: 300px) 100vw, 300px\" \/><\/p>\n<p><iframe style=\"display: none;\" src=\"about:blank\"><\/iframe><\/p>\n","protected":false},"excerpt":{"rendered":"<p>Aprende a entender mejor los test de evaluaci\u00f3n y adaptarlos a cada contexto.<\/p>\n<p><b>Es hora de seleccionar mejor las herramientas a la hora de evaluar a tus entrenados, logrando elegir entre infinidad de test de campo cu\u00e1les se aplican mejor a tu contexto.\u00a0<\/b><\/p>\n<p>&nbsp;<\/p>\n<p><b>Aprende a aplicar correctamente M\u00faltiplicidad de test Orientados a la movilidad general, balance muscular, calidad de movimiento, flexibilidad, fuerza y resistencia.<\/b><span style=\"font-weight: 400;\"> Todos aplicados al contexto de tu entrenado y orientados al gimnasio.<\/span><\/p>\n<p>&nbsp;<\/p>\n<p><span style=\"font-weight: 400;\">No te vamos a dar herramientas que tengas que comprar o no est\u00e9n a tu alcance<\/span><b>, te vamos a brindar herramientas de f\u00e1cil acceso y muchas al momento del webinar que podr\u00e1s aplicar con tus entrenados una vez finalizado el mismo.\u00a0<\/b><\/p>\n<p>&nbsp;<\/p>\n<p><span style=\"font-weight: 400;\">Con este webinar vas a poder brindar un mejor servicio aprendiendo nuevas t\u00e9cnicas y utilizando nuevas herramientas que te permitir\u00e1n evaluar mejor a tus entrenados, considerar mejor tu selecci\u00f3n de ejercicios y <\/span><b>tener una gran variedad de datos sobre el progreso, afianzamiento.y adherencia de tus entrenados con tu gimnasio o plan de entrenamiento.<\/b><\/p>\n<p>&nbsp;<\/p>\n<p><span style=\"font-weight: 400;\">Todos estos test que te vamos a mostrar son herramientas de evaluaci\u00f3n que nosotros utilizamos con nuestros entrenados en su mayor\u00eda, seleccionando las mejores o aquellas que nos permitan visualizar el progreso o afianzamiento del cliente en nuestro gimnasio, respetando su movilidad, fuerza y adherencia.\u00a0<\/span><\/p>\n<p><b>MercadoPago<\/b><span style=\"font-weight: 400;\">: <\/span><a href=\"https:\/\/mpago.la\/2357XiQ\"><span style=\"font-weight: 400;\">https:\/\/mpago.la\/2357XiQhttps:\/\/mpago.la\/2357XiQ<\/span><\/a><\/p>\n<p>&nbsp;<\/p>\n<p>&nbsp;<\/p>\n<p>&nbsp;<\/p>\n<p><b>Transferencia Bancaria<\/b><span style=\"font-weight: 400;\">: CBU 0140366203617651327386<\/span><\/p>\n<p>&nbsp;<\/p>\n<p><b>Paypal<\/b><span style=\"font-weight: 400;\"> \ud83d\udcda<\/span><\/p>\n<p>&nbsp;<\/p>\n<p><b>Temario\u2705<\/b><\/p>\n<p>&nbsp;<\/p>\n<ul>\n<li style=\"list-style-type: none;\">\n<ul>\n<li style=\"font-weight: 400;\" aria-level=\"1\"><span style=\"font-weight: 400;\">Formas de evaluar a tus entrenados. M\u00e9todo observacional.<\/span><\/li>\n<li style=\"font-weight: 400;\" aria-level=\"1\"><span style=\"font-weight: 400;\">Los b\u00e1sicos como forma de evaluar a tus entrenados.\u00a0<\/span><\/li>\n<li style=\"font-weight: 400;\" aria-level=\"1\"><span style=\"font-weight: 400;\">Valoraci\u00f3n est\u00e1tica postural\u00a0<\/span><\/li>\n<li style=\"font-weight: 400;\" aria-level=\"1\"><span style=\"font-weight: 400;\">Test de flechas sagitales<\/span><\/li>\n<li style=\"font-weight: 400;\" aria-level=\"1\"><span style=\"font-weight: 400;\">Tes de movilidad general<\/span><\/li>\n<li style=\"font-weight: 400;\" aria-level=\"1\"><span style=\"font-weight: 400;\">FMS en el campo<\/span><\/li>\n<li style=\"font-weight: 400;\" aria-level=\"1\"><span style=\"font-weight: 400;\">Movilidad complejo articular tobillo-pie, evaluaci\u00f3n.<\/span><\/li>\n<li style=\"font-weight: 400;\" aria-level=\"1\"><span style=\"font-weight: 400;\">Movilidad de hombros y zona tor\u00e1cica, evaluaci\u00f3n.<\/span><\/li>\n<li style=\"font-weight: 400;\" aria-level=\"1\"><span style=\"font-weight: 400;\">Movilidad de caderas y su evaluaci\u00f3n.<\/span><\/li>\n<li style=\"font-weight: 400;\" aria-level=\"1\"><span style=\"font-weight: 400;\">Evaluaci\u00f3n de la fuerza muscular.<\/span><\/li>\n<li style=\"font-weight: 400;\" aria-level=\"1\"><span style=\"font-weight: 400;\">Test de flexibilidad general.\u00a0<\/span><\/li>\n<li style=\"font-weight: 400;\" aria-level=\"1\"><span style=\"font-weight: 400;\">Test de resistencia general.<\/span><\/li>\n<li style=\"font-weight: 400;\" aria-level=\"1\"><span style=\"font-weight: 400;\">Antropometr\u00edas y evaluaci\u00f3n de la composici\u00f3n corporal.<\/span><\/li>\n<li style=\"font-weight: 400;\" aria-level=\"1\"><span style=\"font-weight: 400;\">Mejores test y soft para evaluar a tus entrenados.<\/span><\/li>\n<\/ul>\n<\/li>\n<\/ul>\n<ul>\n<li aria-level=\"1\"><b>Conclusiones sobre formas de control y evaluaci\u00f3n general de tus entrenados en el gimnasio.<\/b><\/li>\n<\/ul>\n<p>&nbsp;<\/p>\n<p>Video Tutorial de la plantilla de regalo.<\/p>\n<p>https:\/\/www.youtube.com\/watch?v=7IX-YrNL_WI&amp;t=85s<\/p>\n<p><iframe style=\"display: none;\" src=\"about:blank\"><\/iframe><\/p>\n","protected":false},"featured_media":2678,"comment_status":"open","ping_status":"closed","template":"","meta":{"site-sidebar-layout":"default","site-content-layout":"default","ast-site-content-layout":"default","site-content-style":"default","site-sidebar-style":"default","ast-global-header-display":"","ast-banner-title-visibility":"","ast-main-header-display":"","ast-hfb-above-header-display":"","ast-hfb-below-header-display":"","ast-hfb-mobile-header-display":"","site-post-title":"","ast-breadcrumbs-content":"","ast-featured-img":"","footer-sml-layout":"","theme-transparent-header-meta":"default","adv-header-id-meta":"","stick-header-meta":"","header-above-stick-meta":"","header-main-stick-meta":"","header-below-stick-meta":"","astra-migrate-meta-layouts":"set","ast-page-background-enabled":"default","ast-page-background-meta":{"desktop":{"background-color":"var(--ast-global-color-4)","background-image":"","background-repeat":"repeat","background-position":"center center","background-size":"auto","background-attachment":"scroll","background-type":"","background-media":"","overlay-type":"","overlay-color":"","overlay-opacity":"","overlay-gradient":""},"tablet":{"background-color":"","background-image":"","background-repeat":"repeat","background-position":"center center","background-size":"auto","background-attachment":"scroll","background-type":"","background-media":"","overlay-type":"","overlay-color":"","overlay-opacity":"","overlay-gradient":""},"mobile":{"background-color":"","background-image":"","background-repeat":"repeat","background-position":"center center","background-size":"auto","background-attachment":"scroll","background-type":"","background-media":"","overlay-type":"","overlay-color":"","overlay-opacity":"","overlay-gradient":""}},"ast-content-background-meta":{"desktop":{"background-color":"var(--ast-global-color-5)","background-image":"","background-repeat":"repeat","background-position":"center center","background-size":"auto","background-attachment":"scroll","background-type":"","background-media":"","overlay-type":"","overlay-color":"","overlay-opacity":"","overlay-gradient":""},"tablet":{"background-color":"var(--ast-global-color-5)","background-image":"","background-repeat":"repeat","background-position":"center center","background-size":"auto","background-attachment":"scroll","background-type":"","background-media":"","overlay-type":"","overlay-color":"","overlay-opacity":"","overlay-gradient":""},"mobile":{"background-color":"var(--ast-global-color-5)","background-image":"","background-repeat":"repeat","background-position":"center center","background-size":"auto","background-attachment":"scroll","background-type":"","background-media":"","overlay-type":"","overlay-color":"","overlay-opacity":"","overlay-gradient":""}}},"product_brand":[],"product_cat":[62],"product_tag":[152,81,84,148,75,149,150,96,151,83,128],"class_list":{"0":"post-2677","1":"product","2":"type-product","3":"status-publish","4":"has-post-thumbnail","6":"product_cat-planillas-de-entrenamiento","7":"product_tag-circuito","8":"product_tag-ejercicios","9":"product_tag-entrenamiento","10":"product_tag-excel","11":"product_tag-fuerza","12":"product_tag-grupos","13":"product_tag-hift","14":"product_tag-hiit","15":"product_tag-hipt","16":"product_tag-planilla","17":"product_tag-training","18":"desktop-align-left","19":"tablet-align-left","20":"mobile-align-left","22":"first","23":"instock","24":"featured","25":"downloadable","26":"shipping-taxable","27":"purchasable","28":"product-type-simple"},"_links":{"self":[{"href":"https:\/\/corporalkinesis.com.ar\/index.php\/wp-json\/wp\/v2\/product\/2677","targetHints":{"allow":["GET"]}}],"collection":[{"href":"https:\/\/corporalkinesis.com.ar\/index.php\/wp-json\/wp\/v2\/product"}],"about":[{"href":"https:\/\/corporalkinesis.com.ar\/index.php\/wp-json\/wp\/v2\/types\/product"}],"replies":[{"embeddable":true,"href":"https:\/\/corporalkinesis.com.ar\/index.php\/wp-json\/wp\/v2\/comments?post=2677"}],"wp:featuredmedia":[{"embeddable":true,"href":"https:\/\/corporalkinesis.com.ar\/index.php\/wp-json\/wp\/v2\/media\/2678"}],"wp:attachment":[{"href":"https:\/\/corporalkinesis.com.ar\/index.php\/wp-json\/wp\/v2\/media?parent=2677"}],"wp:term":[{"taxonomy":"product_brand","embeddable":true,"href":"https:\/\/corporalkinesis.com.ar\/index.php\/wp-json\/wp\/v2\/product_brand?post=2677"},{"taxonomy":"product_cat","embeddable":true,"href":"https:\/\/corporalkinesis.com.ar\/index.php\/wp-json\/wp\/v2\/product_cat?post=2677"},{"taxonomy":"product_tag","embeddable":true,"href":"https:\/\/corporalkinesis.com.ar\/index.php\/wp-json\/wp\/v2\/product_tag?post=2677"}],"curies":[{"name":"wp","href":"https:\/\/api.w.org\/{rel}","templated":true}]}}