{"id":3227,"date":"2024-04-13T19:42:42","date_gmt":"2024-04-13T22:42:42","guid":{"rendered":"https:\/\/corporalkinesis.com.ar\/?post_type=product&#038;p=3227"},"modified":"2024-04-13T19:46:29","modified_gmt":"2024-04-13T22:46:29","slug":"3227","status":"publish","type":"product","link":"https:\/\/corporalkinesis.com.ar\/index.php\/producto\/3227\/","title":{"rendered":"Webinar de programaci\u00f3n del entrenamiento de fuerza pensado para gente emprendedora"},"content":{"rendered":"<p>Inscripci\u00f3n para nuestro Webinar de programaci\u00f3n del entrenamiento de fuerza pensado para gente emprendedora.<\/p>\n<p>Descubre los secretos para dise\u00f1ar programas de entrenamiento de fuerza efectivos en nuestro exclusivo webinar &#8220;Principios B\u00e1sicos del Entrenamiento de Fuerza&#8221;. Mi nombre es\u00a0Jonathan Nahuel Ortiz, soy mag\u00edster en ciencias del ejercicio y quer\u00eda invitarte a esta formaci\u00f3n sobre programaci\u00f3n que s\u00e9 que te va a aportar mucho a la hora de emprender como profesional en ciencias del ejercicio. Sum\u00e9rgete en tem\u00e1ticas esenciales que marcar\u00e1n la diferencia en tu enfoque de entrenamiento:<\/p>\n<p>Lugar y fecha: Formato online, S\u00e1bado 6 de Abril\u00a0 las 11:00hs<\/p>\n<ol>\n<li><strong>Programaci\u00f3n Estrat\u00e9gica<\/strong>: Aprende las mejores pr\u00e1cticas para estructurar programas de entrenamiento que potencien el rendimiento y eviten el estancamiento.<\/li>\n<li><strong>Construcci\u00f3n de Diario de Entrenamiento<\/strong>: Descubre c\u00f3mo llevar un registro detallado de tus sesiones, optimizando el seguimiento del progreso y ajustando estrategias seg\u00fan los resultados.<\/li>\n<li><strong>Uso Avanzado de plantillas especializadas<\/strong>: Domina la creaci\u00f3n y aplicaci\u00f3n de plantillas personalizadas en hojas de c\u00e1lculo, permiti\u00e9ndote analizar datos de manera eficiente y personalizar cada plan de entrenamiento.<\/li>\n<li><strong>Individualizaci\u00f3n del Entrenamiento<\/strong>: Profundiza en la adaptaci\u00f3n de programas a las necesidades \u00fanicas de cada individuo, maximizando resultados y minimizando riesgos.<\/li>\n<li><strong>Principios Clave para la Progresi\u00f3n<\/strong>: Explora los fundamentos esenciales del entrenamiento que acelerar\u00e1n el crecimiento muscular y la mejora del rendimiento.<\/li>\n<\/ol>\n<div>Todo fundamentado y analizado bajo evidencia cient\u00edfica y enfoque de a\u00f1os de experiencia en el campo.<\/div>\n<p>\u00a1Transforma tu enfoque en el entrenamiento de fuerza! \u00danete a nosotros para adquirir conocimientos pr\u00e1cticos y herramientas que te diferenciar\u00e1n como profesional del fitness. \u00a1Inscr\u00edbete ahora!<\/p>\n<p>Una vez completes el formulario, no olvides mandar el comprobante de pago y tus datos al siguiente n\u00famero 2236691711 o mail corporalkinesis@gmail.com<\/p>\n<p><b>Valor 10mil pesos argentinos o 20 d\u00f3lares americanos).<\/b><\/p>\n<div><b>METODOS DE PAGO:<\/b><\/div>\n<div>Mercadopago:\u00a0<a href=\"https:\/\/mpago.la\/1vHZ9r6\">https:\/\/mpago.la\/1vHZ9r6<\/a><\/div>\n<div><\/div>\n<div>Transferencia Bancaria: CBU:0140366203617651327386. ( Nombre de la cuenta Ortiz Jonathan Nahuel)<\/div>\n<div><\/div>\n<div>Paypal:\u00a0<a href=\"https:\/\/www.paypal.me\/sirjhony98\">https:\/\/www.paypal.me\/sirjhony98<\/a><\/div>\n<div><\/div>\n<div>(Mandar foto del comprobante)<\/div>\n<p>Te esperamos!!<\/p>\n<p>&nbsp;<\/p>\n","protected":false},"excerpt":{"rendered":"<p>Inscripci\u00f3n para nuestro Webinar de programaci\u00f3n del entrenamiento de fuerza pensado para gente emprendedora. Descubre los secretos para dise\u00f1ar programas de entrenamiento de fuerza efectivos en nuestro exclusivo webinar &#8220;Principios B\u00e1sicos del Entrenamiento de Fuerza&#8221;. Mi nombre es\u00a0Jonathan Nahuel Ortiz, soy mag\u00edster en ciencias del ejercicio y quer\u00eda invitarte a esta formaci\u00f3n sobre programaci\u00f3n que [&hellip;]<\/p>\n","protected":false},"featured_media":3228,"comment_status":"open","ping_status":"closed","template":"","meta":{"site-sidebar-layout":"default","site-content-layout":"default","ast-site-content-layout":"default","site-content-style":"default","site-sidebar-style":"default","ast-global-header-display":"","ast-banner-title-visibility":"","ast-main-header-display":"","ast-hfb-above-header-display":"","ast-hfb-below-header-display":"","ast-hfb-mobile-header-display":"","site-post-title":"","ast-breadcrumbs-content":"","ast-featured-img":"","footer-sml-layout":"","theme-transparent-header-meta":"default","adv-header-id-meta":"","stick-header-meta":"","header-above-stick-meta":"","header-main-stick-meta":"","header-below-stick-meta":"","astra-migrate-meta-layouts":"default","ast-page-background-enabled":"default","ast-page-background-meta":{"desktop":{"background-color":"var(--ast-global-color-4)","background-image":"","background-repeat":"repeat","background-position":"center center","background-size":"auto","background-attachment":"scroll","background-type":"","background-media":"","overlay-type":"","overlay-color":"","overlay-opacity":"","overlay-gradient":""},"tablet":{"background-color":"","background-image":"","background-repeat":"repeat","background-position":"center center","background-size":"auto","background-attachment":"scroll","background-type":"","background-media":"","overlay-type":"","overlay-color":"","overlay-opacity":"","overlay-gradient":""},"mobile":{"background-color":"","background-image":"","background-repeat":"repeat","background-position":"center center","background-size":"auto","background-attachment":"scroll","background-type":"","background-media":"","overlay-type":"","overlay-color":"","overlay-opacity":"","overlay-gradient":""}},"ast-content-background-meta":{"desktop":{"background-color":"var(--ast-global-color-5)","background-image":"","background-repeat":"repeat","background-position":"center center","background-size":"auto","background-attachment":"scroll","background-type":"","background-media":"","overlay-type":"","overlay-color":"","overlay-opacity":"","overlay-gradient":""},"tablet":{"background-color":"var(--ast-global-color-5)","background-image":"","background-repeat":"repeat","background-position":"center center","background-size":"auto","background-attachment":"scroll","background-type":"","background-media":"","overlay-type":"","overlay-color":"","overlay-opacity":"","overlay-gradient":""},"mobile":{"background-color":"var(--ast-global-color-5)","background-image":"","background-repeat":"repeat","background-position":"center center","background-size":"auto","background-attachment":"scroll","background-type":"","background-media":"","overlay-type":"","overlay-color":"","overlay-opacity":"","overlay-gradient":""}}},"product_brand":[],"product_cat":[64,63],"product_tag":[79,214,215,124,211],"class_list":{"0":"post-3227","1":"product","2":"type-product","3":"status-publish","4":"has-post-thumbnail","6":"product_cat-curso-virtual","7":"product_cat-webinars","8":"product_tag-curso","9":"product_tag-emprendimiento","10":"product_tag-planificacion","11":"product_tag-programacion","12":"product_tag-webinar","13":"desktop-align-left","14":"tablet-align-left","15":"mobile-align-left","17":"first","18":"instock","19":"sale","20":"shipping-taxable","21":"purchasable","22":"product-type-simple"},"_links":{"self":[{"href":"https:\/\/corporalkinesis.com.ar\/index.php\/wp-json\/wp\/v2\/product\/3227","targetHints":{"allow":["GET"]}}],"collection":[{"href":"https:\/\/corporalkinesis.com.ar\/index.php\/wp-json\/wp\/v2\/product"}],"about":[{"href":"https:\/\/corporalkinesis.com.ar\/index.php\/wp-json\/wp\/v2\/types\/product"}],"replies":[{"embeddable":true,"href":"https:\/\/corporalkinesis.com.ar\/index.php\/wp-json\/wp\/v2\/comments?post=3227"}],"wp:featuredmedia":[{"embeddable":true,"href":"https:\/\/corporalkinesis.com.ar\/index.php\/wp-json\/wp\/v2\/media\/3228"}],"wp:attachment":[{"href":"https:\/\/corporalkinesis.com.ar\/index.php\/wp-json\/wp\/v2\/media?parent=3227"}],"wp:term":[{"taxonomy":"product_brand","embeddable":true,"href":"https:\/\/corporalkinesis.com.ar\/index.php\/wp-json\/wp\/v2\/product_brand?post=3227"},{"taxonomy":"product_cat","embeddable":true,"href":"https:\/\/corporalkinesis.com.ar\/index.php\/wp-json\/wp\/v2\/product_cat?post=3227"},{"taxonomy":"product_tag","embeddable":true,"href":"https:\/\/corporalkinesis.com.ar\/index.php\/wp-json\/wp\/v2\/product_tag?post=3227"}],"curies":[{"name":"wp","href":"https:\/\/api.w.org\/{rel}","templated":true}]}}